{"id":456,"date":"2024-08-20T12:05:32","date_gmt":"2024-08-20T12:05:32","guid":{"rendered":"https:\/\/thesugarbeachclub.com\/index.php\/home\/"},"modified":"2025-10-07T10:13:21","modified_gmt":"2025-10-07T10:13:21","slug":"ana-sayfa","status":"publish","type":"page","link":"https:\/\/www.thesugarbeachclub.com\/en\/","title":{"rendered":"HOME PAGE"},"content":{"rendered":"<div class=\"wp-block-uagb-container uagb-block-e44d0d60 alignfull uagb-is-root-container\"><div class=\"uagb-container__video-wrap\"><video autoplay loop muted playsinline><source src=\"http:\/\/thesugarbeachclub.com\/wp-content\/uploads\/2024\/08\/sugar720.mp4\" type=\"video\/mp4\"\/><\/video><\/div><div class=\"uagb-container-inner-blocks-wrap\">\n<div class=\"wp-block-uagb-info-box uagb-block-cd43bc79 uagb-infobox__content-wrap  uagb-infobox-icon-above-title uagb-infobox-image-valign-top wp-block-uagb-info-box--has-margin\"><div class=\"uagb-infobox-margin-wrapper\"><div class=\"uagb-ifb-content\"><div class=\"uagb-ifb-title-wrap\"><\/div><div class=\"uagb-ifb-button-wrapper wp-block-button\"><a href=\"https:\/\/rezervasyonal.info\/thesugarbeachclub.html\" class=\"uagb-infobox-cta-link wp-block-button__link\" target=\"_blank\" rel=\"noopener noreferrer\" onclick=\"return true;\"><span class=\"uagb-inline-editing\">ONLINE BOOKING<\/span><\/a><\/div><\/div><\/div><\/div>\n<\/div><\/div>\n\n\n\n<div id=\"about\" class=\"wp-block-uagb-container uagb-block-fe2d87c4 alignfull uagb-is-root-container\"><div class=\"uagb-container-inner-blocks-wrap\">\n<div class=\"wp-block-uagb-advanced-heading uagb-block-220ef846\"><h2 class=\"uagb-heading-text\">About Us<\/h2><\/div>\n\n\n\n<div class=\"wp-block-uagb-container uagb-block-d3391637\">\n<div class=\"wp-block-uagb-image uagb-block-2c343a3d wp-block-uagb-image--layout-default wp-block-uagb-image--effect-static wp-block-uagb-image--align-none\"><figure class=\"wp-block-uagb-image__figure\"><img decoding=\"async\" srcset=\"https:\/\/thesugarbeachclub.com\/wp-content\/uploads\/2024\/08\/hakkimizda-1024x1024.jpg ,https:\/\/thesugarbeachclub.com\/wp-content\/uploads\/2024\/08\/hakkimizda.jpg 780w, https:\/\/thesugarbeachclub.com\/wp-content\/uploads\/2024\/08\/hakkimizda.jpg 360w\" sizes=\"auto, (max-width: 480px) 150px\" src=\"https:\/\/thesugarbeachclub.com\/wp-content\/uploads\/2024\/08\/hakkimizda-1024x1024.jpg\" alt=\"\" class=\"uag-image-475\" width=\"600\" height=\"600\" title=\"hakkimizda\" loading=\"lazy\" role=\"img\"\/><\/figure><\/div>\n\n\n\n<div class=\"wp-block-uagb-container uagb-block-f4a80692\">\n<div class=\"wp-block-uagb-advanced-heading uagb-block-dd3799de\"><h3 class=\"uagb-heading-text\">Sugar Beach Club<\/h3><p class=\"uagb-desc-text\">Sugar Beach Club is a private establishment with a \u201cBlue Flag Facility\u201d certificate, located on an area of \u200b\u200bapproximately 15,000 m\u00b2, within the lagoon area of \u200b\u200bFethiye \u00d6l\u00fcdeniz on the southwestern coast of Turkey, and has a wonderful location where blue meets green.<\/p><\/div>\n\n\n\n<div class=\"wp-block-uagb-advanced-heading uagb-block-94de7106\"><p class=\"uagb-heading-text\">Sugar Beach Club offers a peaceful, enjoyable and relaxing accommodation surrounded by nature, as well as food &amp; beverage and beach services, sun loungers and umbrellas. <br><br>Our \u00e0 la carte restaurant and bar offers our guests exquisite flavors from Turkish and world cuisine.<br><br>Our facility, which has the \"Tripadvisor Certificate of Excellence\", has a service policy based on guest satisfaction with its professional staff.<br><br>In order for our guests to have the best time, there is a children's playground (under the supervision of parents) and water sports activities (pedalo, pedalo, canoe) in our facility. (for a fee)<br><br>There is free parking available for guests at our facility.<br><br>Although we are a disabled-friendly hotel, we cannot accommodate disabled guests due to our physical conditions.<\/p><\/div>\n<\/div>\n<\/div>\n<\/div><\/div>\n\n\n\n<div id=\"amenities\" class=\"wp-block-uagb-container uagb-block-eadbac94 alignfull uagb-is-root-container\"><div class=\"uagb-container-inner-blocks-wrap\">\n<div class=\"wp-block-uagb-advanced-heading uagb-block-29bb1803\"><h2 class=\"uagb-heading-text\">Our rooms<\/h2><\/div>\n\n\n\n<div class=\"wp-block-uagb-container uagb-block-7c4f7432\">\n<div class=\"wp-block-uagb-container uagb-layout-flex uagb-block-f78a4081\">\n<div class=\"wp-block-uagb-advanced-heading uagb-block-3db80b54\"><h3 class=\"uagb-heading-text\"><a href=\"https:\/\/www.thesugarbeachclub.com\/en\/bungalov-standart\/\">Bungalow Standard<\/a><\/h3><\/div>\n<\/div>\n\n\n\n<div class=\"wp-block-uagb-container uagb-block-af82c371\">\n<div class=\"wp-block-uagb-advanced-heading uagb-block-c3698cdc\"><h3 class=\"uagb-heading-text\"><a href=\"https:\/\/www.thesugarbeachclub.com\/en\/ranzali-bungalov\/\">Bungalow with Bunk Bed<\/a><\/h3><\/div>\n<\/div>\n\n\n\n<div class=\"wp-block-uagb-container uagb-block-9b76e355\">\n<div class=\"wp-block-uagb-advanced-heading uagb-block-a2ef6ee8\"><h3 class=\"uagb-heading-text\"><a href=\"https:\/\/www.thesugarbeachclub.com\/en\/bungalov-aile\/\">Bungalow Family<\/a><\/h3><\/div>\n<\/div>\n\n\n\n<div class=\"wp-block-uagb-container uagb-block-4731c888\">\n<div class=\"wp-block-uagb-advanced-heading uagb-block-a1c40e8f\"><h3 class=\"uagb-heading-text\"><a href=\"https:\/\/www.thesugarbeachclub.com\/en\/jakuzili-tiny-house\/\">Tiny House with Jacuzzi<\/a><\/h3><\/div>\n<\/div>\n<\/div>\n<\/div><\/div>\n\n\n\n<div class=\"wp-block-uagb-container uagb-layout-grid uagb-block-b878044e alignfull uagb-is-root-container\"><div class=\"uagb-container-inner-blocks-wrap\">\n<div class=\"wp-block-uagb-advanced-heading uagb-block-90a8db8c\"><h2 class=\"uagb-heading-text\">24\/7 Reservation Opportunity<\/h2><p class=\"uagb-desc-text\">You can make a reservation whenever and wherever you want by using one of the communication channels on our contact page or by clicking on the Online Reservation button on our website.<\/p><\/div>\n\n\n\n<div class=\"wp-block-uagb-buttons uagb-buttons__outer-wrap uagb-btn__default-btn uagb-btn-tablet__default-btn uagb-btn-mobile__default-btn uagb-block-3e4501c4\"><div class=\"uagb-buttons__wrap uagb-buttons-layout-wrap\">\n<div class=\"wp-block-uagb-buttons-child uagb-buttons__outer-wrap uagb-block-8a54afeb wp-block-button\"><div class=\"uagb-button__wrapper\"><a class=\"uagb-buttons-repeater wp-block-button__link\" aria-label=\"\" href=\"#\" rel=\"follow noopener\" target=\"_self\" role=\"button\"><div class=\"uagb-button__link\">CONTACT US<\/div><\/a><\/div><\/div>\n<\/div><\/div>\n<\/div><\/div>\n\n\n\n<div id=\"gallery\" class=\"wp-block-uagb-container uagb-block-d9d00bf0 alignfull uagb-is-root-container\"><div class=\"uagb-container-inner-blocks-wrap\">\n<div class=\"wp-block-uagb-advanced-heading uagb-block-3ce75b9e\"><h2 class=\"uagb-heading-text\">Photo Gallery<\/h2><\/div>\n\n\n\n<div class=\"wp-block-uagb-container uagb-block-112d1a08\">\t\t\t\t\t<div\n\t\t\t\t\t\tclass=\"wp-block-uagb-image-gallery uagb-block-e37b45e6\"\n\t\t\t\t\t\tstyle=\"\"\n\t\t\t\t\t>\n\t\t\t\t\t\t\t\t\t\t\t<div class=\"spectra-image-gallery spectra-image-gallery__layout--grid spectra-image-gallery__layout--grid-col-4 spectra-image-gallery__layout--grid-col-tab-3 spectra-image-gallery__layout--grid-col-mob-1\">\n\t\t\t\t\t\t\t\t\t\t\t<div class='spectra-image-gallery__media-wrapper' data-spectra-gallery-image-id='481' tabindex=\"0\">\n\t\t\t\t\t\t\t<div class=\"spectra-image-gallery__media spectra-image-gallery__media--grid\">\n\t\t\t\t<picture>\n\t\t\t\t\t<source media=\"(min-width: 1024px)\" srcset=\"https:\/\/www.thesugarbeachclub.com\/wp-content\/uploads\/2024\/08\/foto1-1.jpg\">\n\t\t\t\t\t<source media=\"(min-width: 768px)\" srcset=\"https:\/\/www.thesugarbeachclub.com\/wp-content\/uploads\/2024\/08\/foto1-1.jpg\">\n\t\t\t\t\t<img decoding=\"async\" class=\"spectra-image-gallery__media-thumbnail spectra-image-gallery__media-thumbnail--grid\" src=\"https:\/\/www.thesugarbeachclub.com\/wp-content\/uploads\/2024\/08\/foto1-1-300x200.jpg\" alt=\"\" loading=\"lazy\" \/>\n\t\t\t\t<\/picture>\n\t\t\t\t<div class=\"spectra-image-gallery__media-thumbnail-blurrer\"><\/div>\n\t\t\t\t\t\t\t\t\t\t\t<div class=\"spectra-image-gallery__media-thumbnail-caption-wrapper spectra-image-gallery__media-thumbnail-caption-wrapper--overlay\"><\/div>\n\t\t\t\t\t\t\t\t<\/div>\n\t\t\t\t\t\t<\/div>\n\t\t\t\t\t\t<div class='spectra-image-gallery__media-wrapper' data-spectra-gallery-image-id='480' tabindex=\"0\">\n\t\t\t\t\t\t\t<div class=\"spectra-image-gallery__media spectra-image-gallery__media--grid\">\n\t\t\t\t<picture>\n\t\t\t\t\t<source media=\"(min-width: 1024px)\" srcset=\"https:\/\/www.thesugarbeachclub.com\/wp-content\/uploads\/2024\/08\/foto3.jpg\">\n\t\t\t\t\t<source media=\"(min-width: 768px)\" srcset=\"https:\/\/www.thesugarbeachclub.com\/wp-content\/uploads\/2024\/08\/foto3.jpg\">\n\t\t\t\t\t<img decoding=\"async\" class=\"spectra-image-gallery__media-thumbnail spectra-image-gallery__media-thumbnail--grid\" src=\"https:\/\/www.thesugarbeachclub.com\/wp-content\/uploads\/2024\/08\/foto3-300x200.jpg\" alt=\"\" loading=\"lazy\" \/>\n\t\t\t\t<\/picture>\n\t\t\t\t<div class=\"spectra-image-gallery__media-thumbnail-blurrer\"><\/div>\n\t\t\t\t\t\t\t\t\t\t\t<div class=\"spectra-image-gallery__media-thumbnail-caption-wrapper spectra-image-gallery__media-thumbnail-caption-wrapper--overlay\"><\/div>\n\t\t\t\t\t\t\t\t<\/div>\n\t\t\t\t\t\t<\/div>\n\t\t\t\t\t\t<div class='spectra-image-gallery__media-wrapper' data-spectra-gallery-image-id='477' tabindex=\"0\">\n\t\t\t\t\t\t\t<div class=\"spectra-image-gallery__media spectra-image-gallery__media--grid\">\n\t\t\t\t<picture>\n\t\t\t\t\t<source media=\"(min-width: 1024px)\" srcset=\"https:\/\/www.thesugarbeachclub.com\/wp-content\/uploads\/2024\/08\/foto4.jpg\">\n\t\t\t\t\t<source media=\"(min-width: 768px)\" srcset=\"https:\/\/www.thesugarbeachclub.com\/wp-content\/uploads\/2024\/08\/foto4.jpg\">\n\t\t\t\t\t<img decoding=\"async\" class=\"spectra-image-gallery__media-thumbnail spectra-image-gallery__media-thumbnail--grid\" src=\"https:\/\/www.thesugarbeachclub.com\/wp-content\/uploads\/2024\/08\/foto4-300x200.jpg\" alt=\"\" loading=\"lazy\" \/>\n\t\t\t\t<\/picture>\n\t\t\t\t<div class=\"spectra-image-gallery__media-thumbnail-blurrer\"><\/div>\n\t\t\t\t\t\t\t\t\t\t\t<div class=\"spectra-image-gallery__media-thumbnail-caption-wrapper spectra-image-gallery__media-thumbnail-caption-wrapper--overlay\"><\/div>\n\t\t\t\t\t\t\t\t<\/div>\n\t\t\t\t\t\t<\/div>\n\t\t\t\t\t\t<div class='spectra-image-gallery__media-wrapper' data-spectra-gallery-image-id='689' tabindex=\"0\">\n\t\t\t\t\t\t\t<div class=\"spectra-image-gallery__media spectra-image-gallery__media--grid\">\n\t\t\t\t<picture>\n\t\t\t\t\t<source media=\"(min-width: 1024px)\" srcset=\"https:\/\/www.thesugarbeachclub.com\/wp-content\/uploads\/2024\/08\/dji-0066.jpg\">\n\t\t\t\t\t<source media=\"(min-width: 768px)\" srcset=\"https:\/\/www.thesugarbeachclub.com\/wp-content\/uploads\/2024\/08\/dji-0066.jpg\">\n\t\t\t\t\t<img decoding=\"async\" class=\"spectra-image-gallery__media-thumbnail spectra-image-gallery__media-thumbnail--grid\" src=\"https:\/\/www.thesugarbeachclub.com\/wp-content\/uploads\/2024\/08\/dji-0066-300x169.jpg\" alt=\"\" loading=\"lazy\" \/>\n\t\t\t\t<\/picture>\n\t\t\t\t<div class=\"spectra-image-gallery__media-thumbnail-blurrer\"><\/div>\n\t\t\t\t\t\t\t\t\t\t\t<div class=\"spectra-image-gallery__media-thumbnail-caption-wrapper spectra-image-gallery__media-thumbnail-caption-wrapper--overlay\"><\/div>\n\t\t\t\t\t\t\t\t<\/div>\n\t\t\t\t\t\t<\/div>\n\t\t\t\t\t\t\t\t\t\t<\/div>\n\t\t\t\t\t\t\t\t\t\t\t\t\t\t\t\t\t\t<\/div>\n\t\t\t\t\t\t\t\t\t<\/div>\n\n\n\n<div class=\"wp-block-uagb-buttons uagb-buttons__outer-wrap uagb-btn__default-btn uagb-btn-tablet__default-btn uagb-btn-mobile__default-btn uagb-block-80ea868f\"><div class=\"uagb-buttons__wrap uagb-buttons-layout-wrap\">\n<div class=\"wp-block-uagb-buttons-child uagb-buttons__outer-wrap uagb-block-69c33d1e wp-block-button\"><div class=\"uagb-button__wrapper\"><a class=\"uagb-buttons-repeater wp-block-button__link\" aria-label=\"\" href=\"#\" rel=\"follow noopener\" target=\"_self\" role=\"button\"><div class=\"uagb-button__link\">All Pictures<\/div><\/a><\/div><\/div>\n<\/div><\/div>\n<\/div><\/div>","protected":false},"excerpt":{"rendered":"<p>Hakk\u0131m\u0131zda Sugar Beach Club Sugar Beach Club, T\u00fcrkiye\u2019nin g\u00fcneybat\u0131 sahilinde Fethiye \u00d6l\u00fcdeniz\u2019de lag\u00fcn b\u00f6lgesi i\u00e7inde \u201cMavi Bayrakl\u0131 Tesis\u201d belgeli, yakla\u015f\u0131k 15.000m\u00b2 alan \u00fczerine kurulu, maviyle ye\u015filin bulu\u015ftu\u011fu harika bir konuma sahip \u00f6zel bir i\u015fletmedir. Sugar Beach Club, do\u011fayla i\u00e7 i\u00e7e, huzurlu, keyifli ve dinlendirici bir konaklama imkan\u0131n\u0131n yan\u0131 s\u0131ra, yeme&amp;i\u00e7me ve plaj hizmetleri, \u015fezlong ve [&hellip;]<\/p>","protected":false},"author":1,"featured_media":0,"parent":0,"menu_order":0,"comment_status":"closed","ping_status":"closed","template":"","meta":{"_uag_custom_page_level_css":"","site-sidebar-layout":"no-sidebar","site-content-layout":"plain-container","ast-site-content-layout":"normal-width-container","site-content-style":"unboxed","site-sidebar-style":"unboxed","ast-global-header-display":"","ast-banner-title-visibility":"","ast-main-header-display":"","ast-hfb-above-header-display":"","ast-hfb-below-header-display":"","ast-hfb-mobile-header-display":"","site-post-title":"disabled","ast-breadcrumbs-content":"","ast-featured-img":"disabled","footer-sml-layout":"","theme-transparent-header-meta":"enabled","adv-header-id-meta":"","stick-header-meta":"","header-above-stick-meta":"","header-main-stick-meta":"","header-below-stick-meta":"","astra-migrate-meta-layouts":"set","ast-page-background-enabled":"default","ast-page-background-meta":{"desktop":{"background-color":"","background-image":"","background-repeat":"repeat","background-position":"center center","background-size":"auto","background-attachment":"scroll","background-type":"","background-media":"","overlay-type":"","overlay-color":"","overlay-opacity":"","overlay-gradient":""},"tablet":{"background-color":"","background-image":"","background-repeat":"repeat","background-position":"center center","background-size":"auto","background-attachment":"scroll","background-type":"","background-media":"","overlay-type":"","overlay-color":"","overlay-opacity":"","overlay-gradient":""},"mobile":{"background-color":"","background-image":"","background-repeat":"repeat","background-position":"center center","background-size":"auto","background-attachment":"scroll","background-type":"","background-media":"","overlay-type":"","overlay-color":"","overlay-opacity":"","overlay-gradient":""}},"ast-content-background-meta":{"desktop":{"background-color":"var(--ast-global-color-5)","background-image":"","background-repeat":"repeat","background-position":"center center","background-size":"auto","background-attachment":"scroll","background-type":"","background-media":"","overlay-type":"","overlay-color":"","overlay-opacity":"","overlay-gradient":""},"tablet":{"background-color":"var(--ast-global-color-5)","background-image":"","background-repeat":"repeat","background-position":"center center","background-size":"auto","background-attachment":"scroll","background-type":"","background-media":"","overlay-type":"","overlay-color":"","overlay-opacity":"","overlay-gradient":""},"mobile":{"background-color":"var(--ast-global-color-5)","background-image":"","background-repeat":"repeat","background-position":"center center","background-size":"auto","background-attachment":"scroll","background-type":"","background-media":"","overlay-type":"","overlay-color":"","overlay-opacity":"","overlay-gradient":""}},"footnotes":""},"class_list":["post-456","page","type-page","status-publish","hentry"],"uagb_featured_image_src":{"full":false,"thumbnail":false,"medium":false,"medium_large":false,"large":false,"1536x1536":false,"2048x2048":false,"trp-custom-language-flag":false},"uagb_author_info":{"display_name":"admin","author_link":"https:\/\/www.thesugarbeachclub.com\/en\/author\/admin\/"},"uagb_comment_info":0,"uagb_excerpt":"Hakk\u0131m\u0131zda Sugar Beach Club Sugar Beach Club, T\u00fcrkiye\u2019nin g\u00fcneybat\u0131 sahilinde Fethiye \u00d6l\u00fcdeniz\u2019de lag\u00fcn b\u00f6lgesi i\u00e7inde \u201cMavi Bayrakl\u0131 Tesis\u201d belgeli, yakla\u015f\u0131k 15.000m\u00b2 alan \u00fczerine kurulu, maviyle ye\u015filin bulu\u015ftu\u011fu harika bir konuma sahip \u00f6zel bir i\u015fletmedir. Sugar Beach Club, do\u011fayla i\u00e7 i\u00e7e, huzurlu, keyifli ve dinlendirici bir konaklama imkan\u0131n\u0131n yan\u0131 s\u0131ra, yeme&amp;i\u00e7me ve plaj hizmetleri, \u015fezlong ve&hellip;","_links":{"self":[{"href":"https:\/\/www.thesugarbeachclub.com\/en\/wp-json\/wp\/v2\/pages\/456","targetHints":{"allow":["GET"]}}],"collection":[{"href":"https:\/\/www.thesugarbeachclub.com\/en\/wp-json\/wp\/v2\/pages"}],"about":[{"href":"https:\/\/www.thesugarbeachclub.com\/en\/wp-json\/wp\/v2\/types\/page"}],"author":[{"embeddable":true,"href":"https:\/\/www.thesugarbeachclub.com\/en\/wp-json\/wp\/v2\/users\/1"}],"replies":[{"embeddable":true,"href":"https:\/\/www.thesugarbeachclub.com\/en\/wp-json\/wp\/v2\/comments?post=456"}],"version-history":[{"count":23,"href":"https:\/\/www.thesugarbeachclub.com\/en\/wp-json\/wp\/v2\/pages\/456\/revisions"}],"predecessor-version":[{"id":718,"href":"https:\/\/www.thesugarbeachclub.com\/en\/wp-json\/wp\/v2\/pages\/456\/revisions\/718"}],"wp:attachment":[{"href":"https:\/\/www.thesugarbeachclub.com\/en\/wp-json\/wp\/v2\/media?parent=456"}],"curies":[{"name":"wp","href":"https:\/\/api.w.org\/{rel}","templated":true}]}}