{"id":2,"date":"2024-08-20T11:48:34","date_gmt":"2024-08-20T11:48:34","guid":{"rendered":"http:\/\/thesugarbeachclub.com\/?page_id=2"},"modified":"2024-08-27T14:21:44","modified_gmt":"2024-08-27T14:21:44","slug":"yeme-icme","status":"publish","type":"page","link":"https:\/\/www.thesugarbeachclub.com\/en\/yeme-icme\/","title":{"rendered":"FOOD - DRINK"},"content":{"rendered":"<p>You can order from our menu, which includes the unique flavors of Mediterranean cuisine, and pamper yourself whenever you want, in the indoor or outdoor areas of our comfortable, spacious restaurant with a magnificent view of \u00d6l\u00fcdeniz, which you can enjoy throughout the day.<\/p>\n\n\n\n<p>You can enjoy the sunset with the magnificent view of \u00d6l\u00fcdeniz, accompanied by our wonderful cocktails blending exotic flavors that we continue to serve throughout the day.<\/p>\n\n\n\n<p>You can order your hot and cold, alcoholic and non-alcoholic beverage preferences from our menu whenever you want.<\/p>\n\n\n\n<p><strong>Great Breakfast<\/strong><\/p>\n\n\n\n<p>You can enjoy your breakfast specially prepared for you in a spacious environment where you can be in touch with nature with your loved ones and spend time in a pleasant atmosphere that lasts all day long.<\/p>\n\n\n\n<p>You can benefit from this service every day between 11:00 and 14:00.<\/p>\n\n\n\n<p><strong>Special Events<\/strong><\/p>\n\n\n\n<p>You can choose Sugar Beach Club for special occasions, meetings, celebrations and invitations.<\/p>","protected":false},"excerpt":{"rendered":"<p>Konforlu, ferah ve muhte\u015fem \u00d6l\u00fcdeniz manzaral\u0131 restoran\u0131m\u0131z\u0131n g\u00fcn boyu tad\u0131n\u0131 \u00e7\u0131kartabilece\u011finiz a\u00e7\u0131k veya kapal\u0131 alanlar\u0131nda, Akdeniz mutfa\u011f\u0131n\u0131n e\u015fsiz lezzetlerinin yer ald\u0131\u011f\u0131 men\u00fcm\u00fczden&nbsp; diledi\u011finiz zaman sipari\u015finizi verebilir ve kendinizi \u015f\u0131martabilirsiniz. G\u00fcnboyu hizmetine devam etti\u011fimiz egzotik tatlar\u0131n harmanland\u0131\u011f\u0131 harika kokteyllerimiz e\u015fli\u011finde, muhte\u015fem \u00d6l\u00fcdeniz manzaras\u0131yla birlikte g\u00fcnbat\u0131m\u0131n\u0131n tad\u0131n\u0131 \u00e7\u0131kartabilirsiniz. S\u0131cak &amp; so\u011fuk \u2013 alkoll\u00fc &amp; alkols\u00fcz i\u00e7ecek tercihlerinizi [&hellip;]<\/p>","protected":false},"author":1,"featured_media":0,"parent":0,"menu_order":0,"comment_status":"closed","ping_status":"closed","template":"","meta":{"_uag_custom_page_level_css":"","site-sidebar-layout":"default","site-content-layout":"","ast-site-content-layout":"default","site-content-style":"default","site-sidebar-style":"default","ast-global-header-display":"","ast-banner-title-visibility":"","ast-main-header-display":"","ast-hfb-above-header-display":"","ast-hfb-below-header-display":"","ast-hfb-mobile-header-display":"","site-post-title":"","ast-breadcrumbs-content":"","ast-featured-img":"","footer-sml-layout":"","theme-transparent-header-meta":"","adv-header-id-meta":"","stick-header-meta":"","header-above-stick-meta":"","header-main-stick-meta":"","header-below-stick-meta":"","astra-migrate-meta-layouts":"set","ast-page-background-enabled":"default","ast-page-background-meta":{"desktop":{"background-color":"","background-image":"","background-repeat":"repeat","background-position":"center center","background-size":"auto","background-attachment":"scroll","background-type":"","background-media":"","overlay-type":"","overlay-color":"","overlay-opacity":"","overlay-gradient":""},"tablet":{"background-color":"","background-image":"","background-repeat":"repeat","background-position":"center center","background-size":"auto","background-attachment":"scroll","background-type":"","background-media":"","overlay-type":"","overlay-color":"","overlay-opacity":"","overlay-gradient":""},"mobile":{"background-color":"","background-image":"","background-repeat":"repeat","background-position":"center center","background-size":"auto","background-attachment":"scroll","background-type":"","background-media":"","overlay-type":"","overlay-color":"","overlay-opacity":"","overlay-gradient":""}},"ast-content-background-meta":{"desktop":{"background-color":"var(--ast-global-color-5)","background-image":"","background-repeat":"repeat","background-position":"center center","background-size":"auto","background-attachment":"scroll","background-type":"","background-media":"","overlay-type":"","overlay-color":"","overlay-opacity":"","overlay-gradient":""},"tablet":{"background-color":"var(--ast-global-color-5)","background-image":"","background-repeat":"repeat","background-position":"center center","background-size":"auto","background-attachment":"scroll","background-type":"","background-media":"","overlay-type":"","overlay-color":"","overlay-opacity":"","overlay-gradient":""},"mobile":{"background-color":"var(--ast-global-color-5)","background-image":"","background-repeat":"repeat","background-position":"center center","background-size":"auto","background-attachment":"scroll","background-type":"","background-media":"","overlay-type":"","overlay-color":"","overlay-opacity":"","overlay-gradient":""}},"footnotes":""},"class_list":["post-2","page","type-page","status-publish","hentry"],"uagb_featured_image_src":{"full":false,"thumbnail":false,"medium":false,"medium_large":false,"large":false,"1536x1536":false,"2048x2048":false,"trp-custom-language-flag":false},"uagb_author_info":{"display_name":"admin","author_link":"https:\/\/www.thesugarbeachclub.com\/en\/author\/admin\/"},"uagb_comment_info":0,"uagb_excerpt":"Konforlu, ferah ve muhte\u015fem \u00d6l\u00fcdeniz manzaral\u0131 restoran\u0131m\u0131z\u0131n g\u00fcn boyu tad\u0131n\u0131 \u00e7\u0131kartabilece\u011finiz a\u00e7\u0131k veya kapal\u0131 alanlar\u0131nda, Akdeniz mutfa\u011f\u0131n\u0131n e\u015fsiz lezzetlerinin yer ald\u0131\u011f\u0131 men\u00fcm\u00fczden&nbsp; diledi\u011finiz zaman sipari\u015finizi verebilir ve kendinizi \u015f\u0131martabilirsiniz. G\u00fcnboyu hizmetine devam etti\u011fimiz egzotik tatlar\u0131n harmanland\u0131\u011f\u0131 harika kokteyllerimiz e\u015fli\u011finde, muhte\u015fem \u00d6l\u00fcdeniz manzaras\u0131yla birlikte g\u00fcnbat\u0131m\u0131n\u0131n tad\u0131n\u0131 \u00e7\u0131kartabilirsiniz. S\u0131cak &amp; so\u011fuk \u2013 alkoll\u00fc &amp; alkols\u00fcz i\u00e7ecek tercihlerinizi&hellip;","_links":{"self":[{"href":"https:\/\/www.thesugarbeachclub.com\/en\/wp-json\/wp\/v2\/pages\/2","targetHints":{"allow":["GET"]}}],"collection":[{"href":"https:\/\/www.thesugarbeachclub.com\/en\/wp-json\/wp\/v2\/pages"}],"about":[{"href":"https:\/\/www.thesugarbeachclub.com\/en\/wp-json\/wp\/v2\/types\/page"}],"author":[{"embeddable":true,"href":"https:\/\/www.thesugarbeachclub.com\/en\/wp-json\/wp\/v2\/users\/1"}],"replies":[{"embeddable":true,"href":"https:\/\/www.thesugarbeachclub.com\/en\/wp-json\/wp\/v2\/comments?post=2"}],"version-history":[{"count":7,"href":"https:\/\/www.thesugarbeachclub.com\/en\/wp-json\/wp\/v2\/pages\/2\/revisions"}],"predecessor-version":[{"id":698,"href":"https:\/\/www.thesugarbeachclub.com\/en\/wp-json\/wp\/v2\/pages\/2\/revisions\/698"}],"wp:attachment":[{"href":"https:\/\/www.thesugarbeachclub.com\/en\/wp-json\/wp\/v2\/media?parent=2"}],"curies":[{"name":"wp","href":"https:\/\/api.w.org\/{rel}","templated":true}]}}